{"id":997,"date":"2015-03-28T13:17:14","date_gmt":"2015-03-28T13:17:14","guid":{"rendered":"http:\/\/maxim-film.net\/en\/?page_id=997"},"modified":"2017-01-24T21:45:40","modified_gmt":"2017-01-24T21:45:40","slug":"impressum","status":"publish","type":"page","link":"https:\/\/maxim-film.de\/en\/impressum\/","title":{"rendered":"IMPRESSUM\/IMPRINT"},"content":{"rendered":"<p>IMPRESSUM \/ IMPRINT<\/p>\n<p>Edition Maxim Bremen Wolfgang Roloff e.K.<br \/>\nM\u00fchlenfeldstr. 23<br \/>\n28355 Bremen<br \/>\nGermany<\/p>\n<p>Tel. +49 (421) 25 92 91<br \/>\nFax +49 (421) 25 92 08<br \/>\ne-mail: <a href=\"mailto:bremen@maxim-film.de\" target=\"_blank\">bremen@maxim-film.de<\/a><br \/>\nInternet: <a href=\"https:\/\/maxim-film.de\" target=\"_blank\" class=\"local-link\">www.maxim-film.de<\/a><\/p>\n<p>Inhaberin: Frauke Roloff<br \/>\nEinzelprokura: Peter Roloff<\/p>\n<p>Registergericht: Amtsgericht Bremen<br \/>\nRegisternummer: HRA 10930<\/p>\n<p>Umsatzsteuer-Identifikationsnummer gem\u00e4\u00df \u00a7 27 a Umsatzsteuergesetz:<br \/>\nVAT DE 285 780 966<\/p>\n<p>Steuer-Nr. \/ Tax # 60 \/ 262 \/ 16387<\/p>\n<p>Inhaltlich Verantwortlicher gem\u00e4\u00df \u00a7 6 MDStV:<br \/>\nPeter Roloff<\/p>\n<p>Web Design: <a href=\"http:\/\/www.lucinium.com\" target=\"_blank\" class=\"ext-link\" rel=\"external nofollow\" onclick=\"this.target=&#039;_blank&#039;;\">www.lucinium.com<\/a><\/p>\n<p>Haftungshinweis:<br \/>\nTrotz sorgf\u00e4ltiger inhaltlicher Kontrolle \u00fcbernehmen wir keine Haftung f\u00fcr die Inhalte externer Links. F\u00fcr den Inhalt der verlinkten Seiten sind ausschlie\u00dflich deren Betreiber verantwortlich.<\/p>\n","protected":false},"excerpt":{"rendered":"<p>IMPRESSUM \/ IMPRINT Edition Maxim Bremen Wolfgang Roloff e.K. M\u00fchlenfeldstr. 23 28355 Bremen Germany Tel. +49 (421) 25 92 91 Fax +49 (421) 25 92 08 e-mail: bremen@maxim-film.de Internet: www.maxim-film.de Inhaberin: Frauke Roloff Einzelprokura: Peter Roloff Registergericht: Amtsgericht Bremen Registernummer: HRA 10930 Umsatzsteuer-Identifikationsnummer gem\u00e4\u00df \u00a7 27 a Umsatzsteuergesetz: VAT DE 285 780 966 Steuer-Nr. \/  [&#8230;]<\/p>\n","protected":false},"author":1,"featured_media":0,"parent":0,"menu_order":0,"comment_status":"open","ping_status":"open","template":"","meta":{"footnotes":""},"class_list":["post-997","page","type-page","status-publish","hentry"],"yoast_head":"<!-- This site is optimized with the Yoast SEO plugin v27.4 - https:\/\/yoast.com\/product\/yoast-seo-wordpress\/ -->\n<title>IMPRESSUM\/IMPRINT - maxim film. Media Production in Berlin and Bremen<\/title>\n<meta name=\"robots\" content=\"index, follow, max-snippet:-1, max-image-preview:large, max-video-preview:-1\" \/>\n<link rel=\"canonical\" href=\"https:\/\/www.maxim-film.de\/en\/impressum\/\" \/>\n<meta property=\"og:locale\" content=\"en_GB\" \/>\n<meta property=\"og:type\" content=\"article\" \/>\n<meta property=\"og:title\" content=\"IMPRESSUM\/IMPRINT - maxim film. Media Production in Berlin and Bremen\" \/>\n<meta property=\"og:description\" content=\"IMPRESSUM \/ IMPRINT Edition Maxim Bremen Wolfgang Roloff e.K. M\u00fchlenfeldstr. 23 28355 Bremen Germany Tel. +49 (421) 25 92 91 Fax +49 (421) 25 92 08 e-mail: bremen@maxim-film.de Internet: www.maxim-film.de Inhaberin: Frauke Roloff Einzelprokura: Peter Roloff Registergericht: Amtsgericht Bremen Registernummer: HRA 10930 Umsatzsteuer-Identifikationsnummer gem\u00e4\u00df \u00a7 27 a Umsatzsteuergesetz: VAT DE 285 780 966 Steuer-Nr. \/ [...]\" \/>\n<meta property=\"og:url\" content=\"https:\/\/www.maxim-film.de\/en\/impressum\/\" \/>\n<meta property=\"og:site_name\" content=\"maxim film. Media Production in Berlin and Bremen\" \/>\n<meta property=\"article:modified_time\" content=\"2017-01-24T21:45:40+00:00\" \/>\n<meta name=\"twitter:card\" content=\"summary_large_image\" \/>\n<script type=\"application\/ld+json\" class=\"yoast-schema-graph\">{\"@context\":\"https:\\\/\\\/schema.org\",\"@graph\":[{\"@type\":\"WebPage\",\"@id\":\"https:\\\/\\\/www.maxim-film.de\\\/en\\\/impressum\\\/\",\"url\":\"https:\\\/\\\/www.maxim-film.de\\\/en\\\/impressum\\\/\",\"name\":\"IMPRESSUM\\\/IMPRINT - maxim film. Media Production in Berlin and Bremen\",\"isPartOf\":{\"@id\":\"https:\\\/\\\/www.maxim-film.de\\\/en\\\/#website\"},\"datePublished\":\"2015-03-28T13:17:14+00:00\",\"dateModified\":\"2017-01-24T21:45:40+00:00\",\"breadcrumb\":{\"@id\":\"https:\\\/\\\/www.maxim-film.de\\\/en\\\/impressum\\\/#breadcrumb\"},\"inLanguage\":\"en-GB\",\"potentialAction\":[{\"@type\":\"ReadAction\",\"target\":[\"https:\\\/\\\/www.maxim-film.de\\\/en\\\/impressum\\\/\"]}]},{\"@type\":\"BreadcrumbList\",\"@id\":\"https:\\\/\\\/www.maxim-film.de\\\/en\\\/impressum\\\/#breadcrumb\",\"itemListElement\":[{\"@type\":\"ListItem\",\"position\":1,\"name\":\"Home\",\"item\":\"https:\\\/\\\/maxim-film.de\\\/en\\\/\"},{\"@type\":\"ListItem\",\"position\":2,\"name\":\"IMPRESSUM\\\/IMPRINT\"}]},{\"@type\":\"WebSite\",\"@id\":\"https:\\\/\\\/www.maxim-film.de\\\/en\\\/#website\",\"url\":\"https:\\\/\\\/www.maxim-film.de\\\/en\\\/\",\"name\":\"maxim film. Media Production in Berlin and Bremen\",\"description\":\"\",\"potentialAction\":[{\"@type\":\"SearchAction\",\"target\":{\"@type\":\"EntryPoint\",\"urlTemplate\":\"https:\\\/\\\/www.maxim-film.de\\\/en\\\/?s={search_term_string}\"},\"query-input\":{\"@type\":\"PropertyValueSpecification\",\"valueRequired\":true,\"valueName\":\"search_term_string\"}}],\"inLanguage\":\"en-GB\"}]}<\/script>\n<!-- \/ Yoast SEO plugin. -->","yoast_head_json":{"title":"IMPRESSUM\/IMPRINT - maxim film. Media Production in Berlin and Bremen","robots":{"index":"index","follow":"follow","max-snippet":"max-snippet:-1","max-image-preview":"max-image-preview:large","max-video-preview":"max-video-preview:-1"},"canonical":"https:\/\/www.maxim-film.de\/en\/impressum\/","og_locale":"en_GB","og_type":"article","og_title":"IMPRESSUM\/IMPRINT - maxim film. Media Production in Berlin and Bremen","og_description":"IMPRESSUM \/ IMPRINT Edition Maxim Bremen Wolfgang Roloff e.K. M\u00fchlenfeldstr. 23 28355 Bremen Germany Tel. +49 (421) 25 92 91 Fax +49 (421) 25 92 08 e-mail: bremen@maxim-film.de Internet: www.maxim-film.de Inhaberin: Frauke Roloff Einzelprokura: Peter Roloff Registergericht: Amtsgericht Bremen Registernummer: HRA 10930 Umsatzsteuer-Identifikationsnummer gem\u00e4\u00df \u00a7 27 a Umsatzsteuergesetz: VAT DE 285 780 966 Steuer-Nr. \/ [...]","og_url":"https:\/\/www.maxim-film.de\/en\/impressum\/","og_site_name":"maxim film. Media Production in Berlin and Bremen","article_modified_time":"2017-01-24T21:45:40+00:00","twitter_card":"summary_large_image","schema":{"@context":"https:\/\/schema.org","@graph":[{"@type":"WebPage","@id":"https:\/\/www.maxim-film.de\/en\/impressum\/","url":"https:\/\/www.maxim-film.de\/en\/impressum\/","name":"IMPRESSUM\/IMPRINT - maxim film. Media Production in Berlin and Bremen","isPartOf":{"@id":"https:\/\/www.maxim-film.de\/en\/#website"},"datePublished":"2015-03-28T13:17:14+00:00","dateModified":"2017-01-24T21:45:40+00:00","breadcrumb":{"@id":"https:\/\/www.maxim-film.de\/en\/impressum\/#breadcrumb"},"inLanguage":"en-GB","potentialAction":[{"@type":"ReadAction","target":["https:\/\/www.maxim-film.de\/en\/impressum\/"]}]},{"@type":"BreadcrumbList","@id":"https:\/\/www.maxim-film.de\/en\/impressum\/#breadcrumb","itemListElement":[{"@type":"ListItem","position":1,"name":"Home","item":"https:\/\/maxim-film.de\/en\/"},{"@type":"ListItem","position":2,"name":"IMPRESSUM\/IMPRINT"}]},{"@type":"WebSite","@id":"https:\/\/www.maxim-film.de\/en\/#website","url":"https:\/\/www.maxim-film.de\/en\/","name":"maxim film. Media Production in Berlin and Bremen","description":"","potentialAction":[{"@type":"SearchAction","target":{"@type":"EntryPoint","urlTemplate":"https:\/\/www.maxim-film.de\/en\/?s={search_term_string}"},"query-input":{"@type":"PropertyValueSpecification","valueRequired":true,"valueName":"search_term_string"}}],"inLanguage":"en-GB"}]}},"_links":{"self":[{"href":"https:\/\/maxim-film.de\/en\/wp-json\/wp\/v2\/pages\/997","targetHints":{"allow":["GET"]}}],"collection":[{"href":"https:\/\/maxim-film.de\/en\/wp-json\/wp\/v2\/pages"}],"about":[{"href":"https:\/\/maxim-film.de\/en\/wp-json\/wp\/v2\/types\/page"}],"author":[{"embeddable":true,"href":"https:\/\/maxim-film.de\/en\/wp-json\/wp\/v2\/users\/1"}],"replies":[{"embeddable":true,"href":"https:\/\/maxim-film.de\/en\/wp-json\/wp\/v2\/comments?post=997"}],"version-history":[{"count":5,"href":"https:\/\/maxim-film.de\/en\/wp-json\/wp\/v2\/pages\/997\/revisions"}],"predecessor-version":[{"id":3879,"href":"https:\/\/maxim-film.de\/en\/wp-json\/wp\/v2\/pages\/997\/revisions\/3879"}],"wp:attachment":[{"href":"https:\/\/maxim-film.de\/en\/wp-json\/wp\/v2\/media?parent=997"}],"curies":[{"name":"wp","href":"https:\/\/api.w.org\/{rel}","templated":true}]}}