{"id":4569,"date":"2020-10-22T12:02:10","date_gmt":"2020-10-22T12:02:10","guid":{"rendered":"http:\/\/www.maxim-film.de\/en\/?page_id=4569"},"modified":"2024-08-19T08:49:04","modified_gmt":"2024-08-19T08:49:04","slug":"jurgen-ellinghaus","status":"publish","type":"page","link":"https:\/\/maxim-film.de\/en\/jurgen-ellinghaus\/","title":{"rendered":"J\u00fcrgen Ellinghaus"},"content":{"rendered":"<div class=\"fusion-fullwidth fullwidth-box fusion-builder-row-1 hundred-percent-fullwidth non-hundred-percent-height-scrolling\" style=\"--awb-border-radius-top-left:0px;--awb-border-radius-top-right:0px;--awb-border-radius-bottom-right:0px;--awb-border-radius-bottom-left:0px;--awb-overflow:visible;--awb-flex-wrap:wrap;\" ><div class=\"fusion-builder-row fusion-row\"><div class=\"fusion-layout-column fusion_builder_column fusion-builder-column-0 fusion_builder_column_1_2 1_2 fusion-one-half fusion-column-first\" style=\"--awb-bg-size:cover;width:48%; margin-right: 4%;\"><div class=\"fusion-column-wrapper fusion-flex-column-wrapper-legacy\"><div class=\"fusion-title title fusion-title-1 fusion-sep-none fusion-title-text fusion-title-size-two\" style=\"--awb-margin-top-small:10px;--awb-margin-right-small:0px;--awb-margin-bottom-small:10px;--awb-margin-left-small:0px;\"><h2 class=\"fusion-title-heading title-heading-left\" style=\"margin:0;\">J\u00fcrgen Ellinghaus<\/h2><\/div><div class=\"fusion-person person fusion-person-left fusion-person-1 fusion-person-icon-top\" style=\"--awb-pic-style-color:#000000;--awb-pic-borderradius:0px;--awb-margin-top:0px;--awb-margin-right:0px;--awb-margin-bottom:0px;--awb-margin-left:0px;--awb-social-box-border-top:0px;--awb-social-box-border-right:0px;--awb-social-box-border-bottom:0px;--awb-social-box-border-left:0px;--awb-social-box-border-color:var(--awb-color3);--awb-social-box-border-color-hover:var(--awb-color4);--awb-social-box-colors-hover:rgba(232,232,232,0.8);--awb-social-icon-boxed-colors:#e8e8e8;--awb-social-icon-colors:#bebdbd;--awb-social-icon-colors-hover:rgba(190,189,189,0.8);\"><div class=\"person-shortcode-image-wrapper\"><div class=\"person-image-container hover-type-none\" style=\"border:0px solid #f6f6f6;-webkit-border-radius:0px;-moz-border-radius:0px;border-radius:0px;\"><a href=\"https:\/\/maxim-film.de\/en\/jurgen-ellinghaus\/\" target=\"_self\" class=\"local-link\"><img decoding=\"async\" class=\"person-img img-responsive wp-image-4669\" width=\"580\" height=\"388\" src=\"https:\/\/maxim-film.de\/en\/wp-content\/uploads\/sites\/2\/2023\/01\/Jurgen-Ellinghaus-photo-maxim-film-580x388px.jpg\" srcset=\"https:\/\/maxim-film.de\/en\/wp-content\/uploads\/sites\/2\/2023\/01\/Jurgen-Ellinghaus-photo-maxim-film-580x388px-200x134.jpg 200w, https:\/\/maxim-film.de\/en\/wp-content\/uploads\/sites\/2\/2023\/01\/Jurgen-Ellinghaus-photo-maxim-film-580x388px-400x268.jpg 400w, https:\/\/maxim-film.de\/en\/wp-content\/uploads\/sites\/2\/2023\/01\/Jurgen-Ellinghaus-photo-maxim-film-580x388px.jpg 580w\" sizes=\"(max-width: 800px) 100vw, 580px\" \/><\/a><\/div><\/div><\/div><div class=\"fusion-clearfix\"><\/div><\/div><\/div><div class=\"fusion-layout-column fusion_builder_column fusion-builder-column-1 fusion_builder_column_1_2 1_2 fusion-one-half fusion-column-last\" style=\"--awb-bg-size:cover;width:48%;\"><div class=\"fusion-column-wrapper fusion-flex-column-wrapper-legacy\"><div class=\"fusion-sep-clear\"><\/div><div class=\"fusion-separator fusion-full-width-sep\" style=\"margin-left: auto;margin-right: auto;margin-top:30px;width:100%;\"><\/div><div class=\"fusion-sep-clear\"><\/div><div class=\"accordian fusion-accordian\" style=\"--awb-border-size:1px;--awb-icon-size:13px;--awb-content-font-size:14px;--awb-icon-alignment:left;--awb-hover-color:#f9f9f9;--awb-border-color:#cccccc;--awb-background-color:#ffffff;--awb-divider-color:#e0dede;--awb-divider-hover-color:#e0dede;--awb-icon-color:#ffffff;--awb-title-color:#333333;--awb-content-color:#747474;--awb-icon-box-color:#333333;--awb-toggle-hover-accent-color:#9e9e9e;--awb-title-font-family:&quot;PT Sans&quot;;--awb-title-font-weight:400;--awb-title-font-style:normal;--awb-title-font-size:15px;--awb-title-letter-spacing:0px;--awb-title-line-height:1.33;--awb-content-font-family:&quot;PT Sans&quot;;--awb-content-font-style:normal;--awb-content-font-weight:400;\"><div class=\"panel-group fusion-toggle-icon-boxed\" id=\"accordion-4569-1\"><div class=\"fusion-panel panel-default panel-41fd53acacebeb99d fusion-toggle-has-divider\"><div class=\"panel-heading\"><h4 class=\"panel-title toggle\" id=\"toggle_41fd53acacebeb99d\"><a aria-expanded=\"false\" aria-controls=\"41fd53acacebeb99d\" role=\"button\" data-toggle=\"collapse\" data-parent=\"#accordion-4569-1\" data-target=\"#41fd53acacebeb99d\" href=\"#41fd53acacebeb99d\"><span class=\"fusion-toggle-icon-wrapper\" aria-hidden=\"true\"><i class=\"fa-fusion-box active-icon awb-icon-minus\" aria-hidden=\"true\"><\/i><i class=\"fa-fusion-box inactive-icon awb-icon-plus\" aria-hidden=\"true\"><\/i><\/span><span class=\"fusion-toggle-heading\">Bio<\/span><\/a><\/h4><\/div><div id=\"41fd53acacebeb99d\" class=\"panel-collapse collapse \" aria-labelledby=\"toggle_41fd53acacebeb99d\"><div class=\"panel-body toggle-content fusion-clearfix\">\n<p>Born 1956 in Beverungen, Westphalia, Germany.<\/p>\n<p>Studied Law and Political Science at Berlin and Paris universities.<\/p>\n<p>Diploma of Advanced Studies in Political Science (Universit\u00e9 Paris I Panth\u00e9on-Sorbonne).<\/p>\n<p>Contact: <a href=\"mailto:berlin@maxim-film.de\">berlin@maxim-film.de<\/a><\/p>\n<\/div><\/div><\/div><div class=\"fusion-panel panel-default panel-f7d42218cca0a1a68 fusion-toggle-has-divider\"><div class=\"panel-heading\"><h4 class=\"panel-title toggle\" id=\"toggle_f7d42218cca0a1a68\"><a aria-expanded=\"false\" aria-controls=\"f7d42218cca0a1a68\" role=\"button\" data-toggle=\"collapse\" data-parent=\"#accordion-4569-1\" data-target=\"#f7d42218cca0a1a68\" href=\"#f7d42218cca0a1a68\"><span class=\"fusion-toggle-icon-wrapper\" aria-hidden=\"true\"><i class=\"fa-fusion-box active-icon awb-icon-minus\" aria-hidden=\"true\"><\/i><i class=\"fa-fusion-box inactive-icon awb-icon-plus\" aria-hidden=\"true\"><\/i><\/span><span class=\"fusion-toggle-heading\">Film<\/span><\/a><\/h4><\/div><div id=\"f7d42218cca0a1a68\" class=\"panel-collapse collapse \" aria-labelledby=\"toggle_f7d42218cca0a1a68\"><div class=\"panel-body toggle-content fusion-clearfix\">\n<p><strong>Selected works as director:<\/strong><\/p>\n<p><a href=\"https:\/\/german-documentaries.de\/en_EN\/films\/a-place-called-wahala.19073\" class=\"ext-link\" rel=\"external nofollow\" onclick=\"this.target=&#039;_blank&#039;;\"><strong>Ein Ort namens Wahala<\/strong><\/a><br \/>\n(A Place Called Wahala)<br \/>\ndocumentary, 56&#8242;<br \/>\n2021<\/p>\n<p><strong><a href=\"https:\/\/german-documentaries.de\/en_EN\/films\/the-fire-a-fowl-and-an-un-forgotten-past.9557\" class=\"ext-link\" rel=\"external nofollow\" onclick=\"this.target=&#039;_blank&#039;;\">Das Feuer, der deutsche Pfennig und des Kaisers Funkstation<\/a><br \/>\n<\/strong>(<em>The Fire, a Fowl and an (Un)Forgotten Past)<br \/>\n<\/em>documentary, 12&#8242;<br \/>\n2017<\/p>\n<p><strong><a href=\"https:\/\/german-documentaries.de\/en_EN\/films\/cross-and-banner.7206\" class=\"ext-link\" rel=\"external nofollow\" onclick=\"this.target=&#039;_blank&#039;;\">Glaube Sitte Heimat<\/a><br \/>\n<\/strong><em>(Cross and Banner)<br \/>\n<\/em>documentary, 54&#8242;<br \/>\n2010<\/p>\n<p><strong><a href=\"https:\/\/german-documentaries.de\/en_EN\/films\/the-last-equation-of-private-doeblin.6185\" class=\"ext-link\" rel=\"external nofollow\" onclick=\"this.target=&#039;_blank&#039;;\">Der versiegelte Brief des Soldaten D\u00f6blin<\/a><br \/>\n<\/strong><em>(The Last Equation of Private Doeblin)<br \/>\n<\/em>documentary<em>,<\/em> 86&#8242; \/ 53&#8242;<br \/>\nco-director: Hubert Ferry<br \/>\n2005 \/ 2006<\/p>\n<\/div><\/div><\/div><\/div><\/div><div class=\"fusion-clearfix\"><\/div><\/div><\/div><div class=\"fusion-layout-column fusion_builder_column fusion-builder-column-2 fusion_builder_column_1_1 1_1 fusion-one-full fusion-column-first fusion-column-last fusion-column-no-min-height\" style=\"--awb-bg-size:cover;--awb-margin-bottom:0px;\"><div class=\"fusion-column-wrapper fusion-flex-column-wrapper-legacy\"><div class=\"fusion-sep-clear\"><\/div><div class=\"fusion-separator fusion-full-width-sep\" style=\"margin-left: auto;margin-right: auto;margin-top:30px;width:100%;\"><\/div><div class=\"fusion-sep-clear\"><\/div><div class=\"fusion-clearfix\"><\/div><\/div><\/div><div class=\"fusion-layout-column fusion_builder_column fusion-builder-column-3 fusion_builder_column_1_1 1_1 fusion-one-full fusion-column-first fusion-column-last fusion-column-no-min-height\" style=\"--awb-bg-size:cover;--awb-margin-bottom:0px;\"><div class=\"fusion-column-wrapper fusion-flex-column-wrapper-legacy\"><div class=\"fusion-recent-works fusion-portfolio-element fusion-portfolio fusion-portfolio-1 fusion-portfolio-grid fusion-portfolio-paging-pagination fusion-portfolio-three fusion-portfolio-no_text fusion-portfolio-rollover\" data-id=\"-rw-1\" data-columns=\"three\"><div><ul class=\"fusion-filters\" role=\"menu\" aria-label=\"Portfolio Filters\"><li role=\"presentation\" class=\"fusion-filter fusion-filter-all fusion-active\"><a href=\"#\" data-filter=\"*\" role=\"menuitem\">All<\/a><\/li><li role=\"presentation\" class=\"fusion-filter fusion-hidden\"><a href=\"#\" data-filter=\".jurgen-ellinghaus\" role=\"menuitem\">J\u00fcrgen Ellinghaus<\/a><\/li><\/ul><\/div><style type=\"text\/css\">.fusion-portfolio-1 .fusion-portfolio-wrapper .fusion-col-spacing{padding:6px;}<\/style><div class=\"fusion-portfolio-wrapper\" id=\"fusion-portfolio-1\" data-picturesize=\"auto\" data-pages=\"1\" style=\"margin:-6px;\"><article id=\"portfolio-1-post-4548\" class=\"fusion-portfolio-post feature-length jurgen-ellinghaus fusion-col-spacing post-4548\"><div class=\"fusion-portfolio-content-wrapper\" style=\"border:none;\"><span class=\"entry-title rich-snippet-hidden\">Togoland Projections<\/span><span class=\"vcard rich-snippet-hidden\"><span class=\"fn\"><a href=\"https:\/\/maxim-film.de\/en\/author\/xavier\/\" title=\"Posts by xavier\" rel=\"author\" class=\"local-link\">xavier<\/a><\/span><\/span><span class=\"updated rich-snippet-hidden\">2026-03-24T08:49:47+00:00<\/span><div  class=\"fusion-image-wrapper\" aria-haspopup=\"true\">\n\t\t\t\t<img decoding=\"async\" width=\"1049\" height=\"689\" src=\"https:\/\/maxim-film.de\/en\/wp-content\/uploads\/sites\/2\/2020\/10\/togoland-01-1049x689px.jpg\" class=\"attachment-full size-full wp-post-image\" alt=\"\" srcset=\"https:\/\/maxim-film.de\/en\/wp-content\/uploads\/sites\/2\/2020\/10\/togoland-01-1049x689px-200x131.jpg 200w, https:\/\/maxim-film.de\/en\/wp-content\/uploads\/sites\/2\/2020\/10\/togoland-01-1049x689px-400x263.jpg 400w, https:\/\/maxim-film.de\/en\/wp-content\/uploads\/sites\/2\/2020\/10\/togoland-01-1049x689px-600x394.jpg 600w, https:\/\/maxim-film.de\/en\/wp-content\/uploads\/sites\/2\/2020\/10\/togoland-01-1049x689px-800x525.jpg 800w, https:\/\/maxim-film.de\/en\/wp-content\/uploads\/sites\/2\/2020\/10\/togoland-01-1049x689px.jpg 1049w\" sizes=\"(min-width: 2200px) 100vw, (min-width: 824px) 359px, (min-width: 732px) 538px, (min-width: 640px) 732px, \" \/><div class=\"fusion-rollover\">\n\t<div class=\"fusion-rollover-content\">\n\n\t\t\t\t\t\t\t\t\t\t\t\t\t\t<a class=\"fusion-rollover-link local-link\" href=\"https:\/\/maxim-film.de\/en\/portfolio-items\/togoland\/?portfolioCats=35\">Togoland Projections<\/a>\n\t\t\t\n\t\t\t\t\t\t\t\t\n\t\t\n\t\t\t\t\t\t\t\t\t\t\t\t<h4 class=\"fusion-rollover-title\">\n\t\t\t\t\t<a class=\"fusion-rollover-title-link\" href=\"https:\/\/maxim-film.de\/en\/portfolio-items\/togoland\/?portfolioCats=35\">\n\t\t\t\t\t\tTogoland Projections\t\t\t\t\t<\/a>\n\t\t\t\t<\/h4>\n\t\t\t\n\t\t\t\t\t\t\t\t\t\t<div class=\"fusion-rollover-categories\"><a href=\"https:\/\/maxim-film.de\/en\/portfolio_category\/feature-length\/\" rel=\"tag\" class=\"local-link\">feature-length<\/a>, <a href=\"https:\/\/maxim-film.de\/en\/portfolio_category\/jurgen-ellinghaus\/\" rel=\"tag\" class=\"local-link\">J\u00fcrgen Ellinghaus<\/a><\/div>\t\t\t\t\t\n\t\t\n\t\t\t\t\t\t<a class=\"fusion-link-wrapper local-link\" href=\"https:\/\/maxim-film.de\/en\/portfolio-items\/togoland\/?portfolioCats=35\" aria-label=\"Togoland Projections\"><\/a>\n\t<\/div>\n<\/div>\n<\/div>\n<\/div><\/article><\/div><\/div><div class=\"fusion-clearfix\"><\/div><\/div><\/div><\/div><\/div>\n","protected":false},"excerpt":{"rendered":"","protected":false},"author":1,"featured_media":0,"parent":0,"menu_order":0,"comment_status":"closed","ping_status":"closed","template":"","meta":{"footnotes":""},"class_list":["post-4569","page","type-page","status-publish","hentry"],"yoast_head":"<!-- This site is optimized with the Yoast SEO plugin v27.4 - https:\/\/yoast.com\/product\/yoast-seo-wordpress\/ -->\n<title>J\u00fcrgen Ellinghaus - maxim film. Media Production in Berlin and Bremen<\/title>\n<meta name=\"description\" content=\"J\u00fcrgen Ellinghaus is a Paris-based German filmmaker with a Diploma of Advanced Studies in Political Science (Universit\u00e9 Paris I Panth\u00e9on-Sorbonne).\" \/>\n<meta name=\"robots\" content=\"index, follow, max-snippet:-1, max-image-preview:large, max-video-preview:-1\" \/>\n<link rel=\"canonical\" href=\"https:\/\/www.maxim-film.de\/en\/jurgen-ellinghaus\/\" \/>\n<meta property=\"og:locale\" content=\"en_GB\" \/>\n<meta property=\"og:type\" content=\"article\" \/>\n<meta property=\"og:title\" content=\"J\u00fcrgen Ellinghaus - maxim film. Media Production in Berlin and Bremen\" \/>\n<meta property=\"og:description\" content=\"J\u00fcrgen Ellinghaus is a Paris-based German filmmaker with a Diploma of Advanced Studies in Political Science (Universit\u00e9 Paris I Panth\u00e9on-Sorbonne).\" \/>\n<meta property=\"og:url\" content=\"https:\/\/www.maxim-film.de\/en\/jurgen-ellinghaus\/\" \/>\n<meta property=\"og:site_name\" content=\"maxim film. Media Production in Berlin and Bremen\" \/>\n<meta property=\"article:modified_time\" content=\"2024-08-19T08:49:04+00:00\" \/>\n<meta name=\"twitter:card\" content=\"summary_large_image\" \/>\n<meta name=\"twitter:label1\" content=\"Estimated reading time\" \/>\n\t<meta name=\"twitter:data1\" content=\"2 minutes\" \/>\n<script type=\"application\/ld+json\" class=\"yoast-schema-graph\">{\"@context\":\"https:\\\/\\\/schema.org\",\"@graph\":[{\"@type\":\"WebPage\",\"@id\":\"https:\\\/\\\/www.maxim-film.de\\\/en\\\/jurgen-ellinghaus\\\/\",\"url\":\"https:\\\/\\\/www.maxim-film.de\\\/en\\\/jurgen-ellinghaus\\\/\",\"name\":\"J\u00fcrgen Ellinghaus - maxim film. Media Production in Berlin and Bremen\",\"isPartOf\":{\"@id\":\"https:\\\/\\\/www.maxim-film.de\\\/en\\\/#website\"},\"datePublished\":\"2020-10-22T12:02:10+00:00\",\"dateModified\":\"2024-08-19T08:49:04+00:00\",\"description\":\"J\u00fcrgen Ellinghaus is a Paris-based German filmmaker with a Diploma of Advanced Studies in Political Science (Universit\u00e9 Paris I Panth\u00e9on-Sorbonne).\",\"breadcrumb\":{\"@id\":\"https:\\\/\\\/www.maxim-film.de\\\/en\\\/jurgen-ellinghaus\\\/#breadcrumb\"},\"inLanguage\":\"en-GB\",\"potentialAction\":[{\"@type\":\"ReadAction\",\"target\":[\"https:\\\/\\\/www.maxim-film.de\\\/en\\\/jurgen-ellinghaus\\\/\"]}]},{\"@type\":\"BreadcrumbList\",\"@id\":\"https:\\\/\\\/www.maxim-film.de\\\/en\\\/jurgen-ellinghaus\\\/#breadcrumb\",\"itemListElement\":[{\"@type\":\"ListItem\",\"position\":1,\"name\":\"Home\",\"item\":\"https:\\\/\\\/maxim-film.de\\\/en\\\/\"},{\"@type\":\"ListItem\",\"position\":2,\"name\":\"J\u00fcrgen Ellinghaus\"}]},{\"@type\":\"WebSite\",\"@id\":\"https:\\\/\\\/www.maxim-film.de\\\/en\\\/#website\",\"url\":\"https:\\\/\\\/www.maxim-film.de\\\/en\\\/\",\"name\":\"maxim film. Media Production in Berlin and Bremen\",\"description\":\"\",\"potentialAction\":[{\"@type\":\"SearchAction\",\"target\":{\"@type\":\"EntryPoint\",\"urlTemplate\":\"https:\\\/\\\/www.maxim-film.de\\\/en\\\/?s={search_term_string}\"},\"query-input\":{\"@type\":\"PropertyValueSpecification\",\"valueRequired\":true,\"valueName\":\"search_term_string\"}}],\"inLanguage\":\"en-GB\"}]}<\/script>\n<!-- \/ Yoast SEO plugin. -->","yoast_head_json":{"title":"J\u00fcrgen Ellinghaus - maxim film. Media Production in Berlin and Bremen","description":"J\u00fcrgen Ellinghaus is a Paris-based German filmmaker with a Diploma of Advanced Studies in Political Science (Universit\u00e9 Paris I Panth\u00e9on-Sorbonne).","robots":{"index":"index","follow":"follow","max-snippet":"max-snippet:-1","max-image-preview":"max-image-preview:large","max-video-preview":"max-video-preview:-1"},"canonical":"https:\/\/www.maxim-film.de\/en\/jurgen-ellinghaus\/","og_locale":"en_GB","og_type":"article","og_title":"J\u00fcrgen Ellinghaus - maxim film. Media Production in Berlin and Bremen","og_description":"J\u00fcrgen Ellinghaus is a Paris-based German filmmaker with a Diploma of Advanced Studies in Political Science (Universit\u00e9 Paris I Panth\u00e9on-Sorbonne).","og_url":"https:\/\/www.maxim-film.de\/en\/jurgen-ellinghaus\/","og_site_name":"maxim film. Media Production in Berlin and Bremen","article_modified_time":"2024-08-19T08:49:04+00:00","twitter_card":"summary_large_image","twitter_misc":{"Estimated reading time":"2 minutes"},"schema":{"@context":"https:\/\/schema.org","@graph":[{"@type":"WebPage","@id":"https:\/\/www.maxim-film.de\/en\/jurgen-ellinghaus\/","url":"https:\/\/www.maxim-film.de\/en\/jurgen-ellinghaus\/","name":"J\u00fcrgen Ellinghaus - maxim film. Media Production in Berlin and Bremen","isPartOf":{"@id":"https:\/\/www.maxim-film.de\/en\/#website"},"datePublished":"2020-10-22T12:02:10+00:00","dateModified":"2024-08-19T08:49:04+00:00","description":"J\u00fcrgen Ellinghaus is a Paris-based German filmmaker with a Diploma of Advanced Studies in Political Science (Universit\u00e9 Paris I Panth\u00e9on-Sorbonne).","breadcrumb":{"@id":"https:\/\/www.maxim-film.de\/en\/jurgen-ellinghaus\/#breadcrumb"},"inLanguage":"en-GB","potentialAction":[{"@type":"ReadAction","target":["https:\/\/www.maxim-film.de\/en\/jurgen-ellinghaus\/"]}]},{"@type":"BreadcrumbList","@id":"https:\/\/www.maxim-film.de\/en\/jurgen-ellinghaus\/#breadcrumb","itemListElement":[{"@type":"ListItem","position":1,"name":"Home","item":"https:\/\/maxim-film.de\/en\/"},{"@type":"ListItem","position":2,"name":"J\u00fcrgen Ellinghaus"}]},{"@type":"WebSite","@id":"https:\/\/www.maxim-film.de\/en\/#website","url":"https:\/\/www.maxim-film.de\/en\/","name":"maxim film. Media Production in Berlin and Bremen","description":"","potentialAction":[{"@type":"SearchAction","target":{"@type":"EntryPoint","urlTemplate":"https:\/\/www.maxim-film.de\/en\/?s={search_term_string}"},"query-input":{"@type":"PropertyValueSpecification","valueRequired":true,"valueName":"search_term_string"}}],"inLanguage":"en-GB"}]}},"_links":{"self":[{"href":"https:\/\/maxim-film.de\/en\/wp-json\/wp\/v2\/pages\/4569","targetHints":{"allow":["GET"]}}],"collection":[{"href":"https:\/\/maxim-film.de\/en\/wp-json\/wp\/v2\/pages"}],"about":[{"href":"https:\/\/maxim-film.de\/en\/wp-json\/wp\/v2\/types\/page"}],"author":[{"embeddable":true,"href":"https:\/\/maxim-film.de\/en\/wp-json\/wp\/v2\/users\/1"}],"replies":[{"embeddable":true,"href":"https:\/\/maxim-film.de\/en\/wp-json\/wp\/v2\/comments?post=4569"}],"version-history":[{"count":10,"href":"https:\/\/maxim-film.de\/en\/wp-json\/wp\/v2\/pages\/4569\/revisions"}],"predecessor-version":[{"id":4767,"href":"https:\/\/maxim-film.de\/en\/wp-json\/wp\/v2\/pages\/4569\/revisions\/4767"}],"wp:attachment":[{"href":"https:\/\/maxim-film.de\/en\/wp-json\/wp\/v2\/media?parent=4569"}],"curies":[{"name":"wp","href":"https:\/\/api.w.org\/{rel}","templated":true}]}}