{"id":4234,"date":"2019-01-23T11:53:24","date_gmt":"2019-01-23T11:53:24","guid":{"rendered":"http:\/\/www.maxim-film.de\/en\/?page_id=4234"},"modified":"2019-01-24T09:38:52","modified_gmt":"2019-01-24T09:38:52","slug":"roman-vavra","status":"publish","type":"page","link":"https:\/\/maxim-film.de\/en\/roman-vavra\/","title":{"rendered":"Roman V\u00e1vra"},"content":{"rendered":"<div class=\"fusion-fullwidth fullwidth-box fusion-builder-row-1 hundred-percent-fullwidth non-hundred-percent-height-scrolling\" style=\"--awb-border-radius-top-left:0px;--awb-border-radius-top-right:0px;--awb-border-radius-bottom-right:0px;--awb-border-radius-bottom-left:0px;--awb-overflow:visible;--awb-flex-wrap:wrap;\" ><div class=\"fusion-builder-row fusion-row\"><div class=\"fusion-layout-column fusion_builder_column fusion-builder-column-0 fusion_builder_column_1_2 1_2 fusion-one-half fusion-column-first\" style=\"--awb-bg-size:cover;width:48%; margin-right: 4%;\"><div class=\"fusion-column-wrapper fusion-flex-column-wrapper-legacy\"><div class=\"fusion-title title fusion-title-1 fusion-sep-none fusion-title-text fusion-title-size-two\" style=\"--awb-margin-top-small:10px;--awb-margin-right-small:0px;--awb-margin-bottom-small:10px;--awb-margin-left-small:0px;\"><h2 class=\"fusion-title-heading title-heading-left\" style=\"margin:0;\">Roman V\u00e1vra<\/h2><\/div><div class=\"fusion-person person fusion-person-left fusion-person-1 fusion-person-icon-top\" style=\"--awb-pic-style-color:#000000;--awb-pic-borderradius:0px;--awb-margin-top:0px;--awb-margin-right:0px;--awb-margin-bottom:0px;--awb-margin-left:0px;--awb-social-box-border-top:0px;--awb-social-box-border-right:0px;--awb-social-box-border-bottom:0px;--awb-social-box-border-left:0px;--awb-social-box-border-color:var(--awb-color3);--awb-social-box-border-color-hover:var(--awb-color4);--awb-social-box-colors-hover:rgba(232,232,232,0.8);--awb-social-icon-boxed-colors:#e8e8e8;--awb-social-icon-colors:#bebdbd;--awb-social-icon-colors-hover:rgba(190,189,189,0.8);\"><div class=\"person-shortcode-image-wrapper\"><div class=\"person-image-container hover-type-none\" style=\"border:0px solid #f6f6f6;-webkit-border-radius:0px;-moz-border-radius:0px;border-radius:0px;\"><img decoding=\"async\" class=\"person-img img-responsive wp-image-4245\" width=\"580\" height=\"388\" src=\"https:\/\/maxim-film.de\/en\/wp-content\/uploads\/sites\/2\/2019\/01\/roman-vavra-540x388px.jpg\" srcset=\"https:\/\/maxim-film.de\/en\/wp-content\/uploads\/sites\/2\/2019\/01\/roman-vavra-540x388px-200x134.jpg 200w, https:\/\/maxim-film.de\/en\/wp-content\/uploads\/sites\/2\/2019\/01\/roman-vavra-540x388px-400x268.jpg 400w, https:\/\/maxim-film.de\/en\/wp-content\/uploads\/sites\/2\/2019\/01\/roman-vavra-540x388px.jpg 580w\" sizes=\"(max-width: 800px) 100vw, 580px\" \/><\/div><\/div><\/div><div class=\"fusion-clearfix\"><\/div><\/div><\/div><div class=\"fusion-layout-column fusion_builder_column fusion-builder-column-1 fusion_builder_column_1_2 1_2 fusion-one-half fusion-column-last\" style=\"--awb-bg-size:cover;width:48%;\"><div class=\"fusion-column-wrapper fusion-flex-column-wrapper-legacy\"><div class=\"fusion-sep-clear\"><\/div><div class=\"fusion-separator fusion-full-width-sep\" style=\"margin-left: auto;margin-right: auto;margin-top:30px;width:100%;\"><\/div><div class=\"fusion-sep-clear\"><\/div><div class=\"accordian fusion-accordian\" style=\"--awb-border-size:1px;--awb-icon-size:13px;--awb-content-font-size:14px;--awb-icon-alignment:left;--awb-hover-color:#f9f9f9;--awb-border-color:#cccccc;--awb-background-color:#ffffff;--awb-divider-color:#e0dede;--awb-divider-hover-color:#e0dede;--awb-icon-color:#ffffff;--awb-title-color:#333333;--awb-content-color:#747474;--awb-icon-box-color:#333333;--awb-toggle-hover-accent-color:#9e9e9e;--awb-title-font-family:&quot;PT Sans&quot;;--awb-title-font-weight:400;--awb-title-font-style:normal;--awb-title-font-size:15px;--awb-title-letter-spacing:0px;--awb-title-line-height:1.33;--awb-content-font-family:&quot;PT Sans&quot;;--awb-content-font-style:normal;--awb-content-font-weight:400;\"><div class=\"panel-group fusion-toggle-icon-boxed\" id=\"accordion-4234-1\"><div class=\"fusion-panel panel-default panel-d71f3e0922f77d9d9 fusion-toggle-has-divider\"><div class=\"panel-heading\"><h4 class=\"panel-title toggle\" id=\"toggle_d71f3e0922f77d9d9\"><a aria-expanded=\"false\" aria-controls=\"d71f3e0922f77d9d9\" role=\"button\" data-toggle=\"collapse\" data-parent=\"#accordion-4234-1\" data-target=\"#d71f3e0922f77d9d9\" href=\"#d71f3e0922f77d9d9\"><span class=\"fusion-toggle-icon-wrapper\" aria-hidden=\"true\"><i class=\"fa-fusion-box active-icon awb-icon-minus\" aria-hidden=\"true\"><\/i><i class=\"fa-fusion-box inactive-icon awb-icon-plus\" aria-hidden=\"true\"><\/i><\/span><span class=\"fusion-toggle-heading\">Bio<\/span><\/a><\/h4><\/div><div id=\"d71f3e0922f77d9d9\" class=\"panel-collapse collapse \" aria-labelledby=\"toggle_d71f3e0922f77d9d9\"><div class=\"panel-body toggle-content fusion-clearfix\">\n<div id=\"dcccb3cbfef1e629e\" class=\"panel-collapse collapse in\">\n<div class=\"panel-body toggle-content fusion-clearfix\">\n<p>Roman V\u00e1vra (1965) is a contemporary Czech filmmaker. He first graduated from the University of Economics and was interested in journalism. Eventually, however, after 1989 he turned to FAMU where he graduated from the Department of Documentary Film.<\/p>\n<p>During his studies he began to cooperate with Czech Television in 1992 and to shoot his first films as Czech TV productions. He specialized in documentary production. In the mid-1990s, for example, he was fascinated by the peculiar portraits of The Gravedigger and the documentary Warriors about a group of harvesters weeding cowslips. In 1998 he directed his first feature film \u2013 What You Catch in the Rye, for which he was nominated for five Czech Lions and won prizes at a number of international festivals. He received honors for his next feature-length documentary Battle for Life, which he co-wrote with Miroslav Jank and V\u00edtek Jane\u010dek. This film was also the first post-revolution documentary to be put on general cinematic release. Roman V\u00e1vra is also a multiple holder of the Prize of the Czech Literary Fund and the Pavel Jur\u00e1\u010dek Prize. In 2003 he made a fairy tale in Czech-Slovak-German co-production. With the writer Milo\u0161 Dole\u017eal he prepared a documentary about the life of Josef Toufar.<\/p>\n<p>V\u00e1vra is not only a director, but often acts in his films also as a screenwriter, cameraman and editor. And also he plays in minor roles. He also directs for theater.<\/p>\n<\/div>\n<\/div>\n<\/div><\/div><\/div><div class=\"fusion-panel panel-default panel-1a48ba079ae32d03c fusion-toggle-has-divider\"><div class=\"panel-heading\"><h4 class=\"panel-title toggle\" id=\"toggle_1a48ba079ae32d03c\"><a aria-expanded=\"false\" aria-controls=\"1a48ba079ae32d03c\" role=\"button\" data-toggle=\"collapse\" data-parent=\"#accordion-4234-1\" data-target=\"#1a48ba079ae32d03c\" href=\"#1a48ba079ae32d03c\"><span class=\"fusion-toggle-icon-wrapper\" aria-hidden=\"true\"><i class=\"fa-fusion-box active-icon awb-icon-minus\" aria-hidden=\"true\"><\/i><i class=\"fa-fusion-box inactive-icon awb-icon-plus\" aria-hidden=\"true\"><\/i><\/span><span class=\"fusion-toggle-heading\">Film<\/span><\/a><\/h4><\/div><div id=\"1a48ba079ae32d03c\" class=\"panel-collapse collapse \" aria-labelledby=\"toggle_1a48ba079ae32d03c\"><div class=\"panel-body toggle-content fusion-clearfix\">\n<div id=\"1d012bb1023a61fcf\" class=\"panel-collapse collapse in\">\n<div class=\"panel-body toggle-content fusion-clearfix\">\n<p><strong>Fiction<\/strong><\/p>\n<p><strong>2010<\/strong><br \/>\n\u0160kola princ\u016f (Princes\u2019 School), TV film<br \/>\n<strong>2003<\/strong><br \/>\nNadm\u011brn\u00e9 mali\u010dkosti: Dr\u00e1mo (Excessive Little Things: Drama), TV film<br \/>\n\u010cert v\u00ed pro\u010d (The Devil Knows Why), feature fairy-tale film, director and script-writer<br \/>\n<strong>2001<\/strong><br \/>\nSk\u0159\u00ed\u0148 (Closet), TV film<br \/>\n<strong>1998<\/strong><br \/>\nCo chytne\u0161 v \u017eit\u011b (What You Catch in the Rye), Czech Lion Award Actress in a Leading Role + 4 nominations, the best film including, director and script-writer<br \/>\n<strong>1995<\/strong><br \/>\nV \u017eit\u011b (In the Rye), student film, director and script-writer<\/p>\n<p><strong>Documentaries<\/strong><\/p>\n<p><strong>2018<\/strong><br \/>\nRud\u00ed prezidenti (Red Presidents), TV series<br \/>\nPoslu\u0161n\u00fd gener\u00e1l \u2013 Ludv\u00edk Svoboda (Obedient General Ludv\u00edk Svoboda)<br \/>\nSjednotitel ve strachu \u2013 Klement Gottwald (Consolidator in the Fear \u2013 K. G.)<br \/>\n<strong>2016<\/strong><br \/>\nJako bychom dnes zem\u0159\u00edt m\u011bli (Like to Die Today), documentary about parson Toufar, director and script-writer<br \/>\n<strong>2015 <\/strong><br \/>\n<strong>Kronika kr<\/strong>\u00e1l\u016f (Kings Chronicle), TV film, documentary about Dalimil\u2019s chronicle<br \/>\nMrtvolu sprovo\u010fte ze sv\u011bta, TV film, director and script-writer<br \/>\nM\u016fj pokus o mistrovsk\u00fd opus, TV series<br \/>\n<strong>2013<\/strong><br \/>\nIvan Havel: Pozdn\u00ed sb\u011br (Ivan Havel: Late Grape Harvest)<br \/>\nStolet\u00ed r\u00e1dia (Century of a Radio), TV film<br \/>\n<strong>2011<\/strong><br \/>\nHeydrich \u2013 kone\u010dn\u00e9 \u0159e\u0161en\u00ed (Heydrich \u2013 Final Solution), TV series<br \/>\nTrafa\u010dka \u2013 Chr\u00e1m svobody (Trafa\u010dka \u2013 Temple of a Freedom), Czech Lion award \u2013 the best documentary<br \/>\n<strong>2008<\/strong><br \/>\nTajemstv\u00ed kufru Arno\u0161ta Valenty (Secret of Arno\u0161t Valenta\u2019s Suitcase)<br \/>\n<strong>2007<\/strong><br \/>\nAzory pod hladinou (Azores Islands under the Surface)<br \/>\n<strong>2004<\/strong><br \/>\nKarel IV. (Charles IV.), TV film 2001 Chaos, TV film<br \/>\nJak jsem se zbl\u00e1znil (How I Went Crazy), TV film<br \/>\n<strong>2000<\/strong><br \/>\nBitva o \u017eivot, (Fight for Life), director and script-writer<br \/>\n<strong>1999<\/strong><br \/>\nR\u00e1dio Limon\u00e1dov\u00fd Joe, TV film<br \/>\n<strong>1995<\/strong><br \/>\nBojovn\u00edci (Warriors), TV film<br \/>\n<strong>1994<\/strong><br \/>\nHrobn\u00edk (Gravedigger), TV film<\/p>\n<\/div>\n<\/div>\n<\/div><\/div><\/div><\/div><\/div><div class=\"fusion-clearfix\"><\/div><\/div><\/div><div class=\"fusion-layout-column fusion_builder_column fusion-builder-column-2 fusion_builder_column_1_1 1_1 fusion-one-full fusion-column-first fusion-column-last fusion-column-no-min-height\" style=\"--awb-bg-size:cover;--awb-margin-bottom:0px;\"><div class=\"fusion-column-wrapper fusion-flex-column-wrapper-legacy\"><div class=\"fusion-sep-clear\"><\/div><div class=\"fusion-separator fusion-full-width-sep\" style=\"margin-left: auto;margin-right: auto;margin-top:30px;width:100%;\"><\/div><div class=\"fusion-sep-clear\"><\/div><div class=\"fusion-clearfix\"><\/div><\/div><\/div><div class=\"fusion-layout-column fusion_builder_column fusion-builder-column-3 fusion_builder_column_1_1 1_1 fusion-one-full fusion-column-first fusion-column-last fusion-column-no-min-height\" style=\"--awb-bg-size:cover;--awb-margin-bottom:0px;\"><div class=\"fusion-column-wrapper fusion-flex-column-wrapper-legacy\"><div class=\"fusion-recent-works fusion-portfolio-element fusion-portfolio fusion-portfolio-1 fusion-portfolio-grid fusion-portfolio-paging-pagination fusion-portfolio-three fusion-portfolio-no_text fusion-portfolio-rollover\" data-id=\"-rw-1\" data-columns=\"three\"><div><ul class=\"fusion-filters\" role=\"menu\" aria-label=\"Portfolio Filters\"><li role=\"presentation\" class=\"fusion-filter fusion-filter-all fusion-active\"><a href=\"#\" data-filter=\"*\" role=\"menuitem\">All<\/a><\/li><li role=\"presentation\" class=\"fusion-filter fusion-hidden\"><a href=\"#\" data-filter=\".roman-vavra\" role=\"menuitem\">Roman V\u00e1vra<\/a><\/li><\/ul><\/div><style type=\"text\/css\">.fusion-portfolio-1 .fusion-portfolio-wrapper .fusion-col-spacing{padding:6px;}<\/style><div class=\"fusion-portfolio-wrapper\" id=\"fusion-portfolio-1\" data-picturesize=\"auto\" data-pages=\"1\" style=\"margin:-6px;\"><article id=\"portfolio-1-post-4215\" class=\"fusion-portfolio-post docs-on-art feature-length roman-vavra fusion-col-spacing post-4215\"><div class=\"fusion-portfolio-content-wrapper\" style=\"border:none;\"><span class=\"entry-title rich-snippet-hidden\">Mucha: The Story of an Artist Who Created a Style<\/span><span class=\"vcard rich-snippet-hidden\"><span class=\"fn\"><a href=\"https:\/\/maxim-film.de\/en\/author\/xavier\/\" title=\"Posts by xavier\" rel=\"author\" class=\"local-link\">xavier<\/a><\/span><\/span><span class=\"updated rich-snippet-hidden\">2025-08-21T10:08:11+00:00<\/span><div  class=\"fusion-image-wrapper\" aria-haspopup=\"true\">\n\t\t\t\t<img decoding=\"async\" width=\"1049\" height=\"689\" src=\"https:\/\/maxim-film.de\/en\/wp-content\/uploads\/sites\/2\/2019\/01\/mucha-young-mucha-1049x689px.jpg\" class=\"attachment-full size-full wp-post-image\" alt=\"\" srcset=\"https:\/\/maxim-film.de\/en\/wp-content\/uploads\/sites\/2\/2019\/01\/mucha-young-mucha-1049x689px-200x131.jpg 200w, https:\/\/maxim-film.de\/en\/wp-content\/uploads\/sites\/2\/2019\/01\/mucha-young-mucha-1049x689px-400x263.jpg 400w, https:\/\/maxim-film.de\/en\/wp-content\/uploads\/sites\/2\/2019\/01\/mucha-young-mucha-1049x689px-600x394.jpg 600w, https:\/\/maxim-film.de\/en\/wp-content\/uploads\/sites\/2\/2019\/01\/mucha-young-mucha-1049x689px-800x525.jpg 800w, https:\/\/maxim-film.de\/en\/wp-content\/uploads\/sites\/2\/2019\/01\/mucha-young-mucha-1049x689px.jpg 1049w\" sizes=\"(min-width: 2200px) 100vw, (min-width: 824px) 359px, (min-width: 732px) 538px, (min-width: 640px) 732px, \" \/><div class=\"fusion-rollover\">\n\t<div class=\"fusion-rollover-content\">\n\n\t\t\t\t\t\t\t\t\t\t\t\t\t\t<a class=\"fusion-rollover-link local-link\" href=\"https:\/\/maxim-film.de\/en\/portfolio-items\/mucha\/?portfolioCats=33\">Mucha: The Story of an Artist Who Created a Style<\/a>\n\t\t\t\n\t\t\t\t\t\t\t\t\n\t\t\n\t\t\t\t\t\t\t\t\t\t\t\t<h4 class=\"fusion-rollover-title\">\n\t\t\t\t\t<a class=\"fusion-rollover-title-link\" href=\"https:\/\/maxim-film.de\/en\/portfolio-items\/mucha\/?portfolioCats=33\">\n\t\t\t\t\t\tMucha: The Story of an Artist Who Created a Style\t\t\t\t\t<\/a>\n\t\t\t\t<\/h4>\n\t\t\t\n\t\t\t\t\t\t\t\t\t\t<div class=\"fusion-rollover-categories\"><a href=\"https:\/\/maxim-film.de\/en\/portfolio_category\/docs-on-art\/\" rel=\"tag\" class=\"local-link\">docs on art<\/a>, <a href=\"https:\/\/maxim-film.de\/en\/portfolio_category\/feature-length\/\" rel=\"tag\" class=\"local-link\">feature-length<\/a>, <a href=\"https:\/\/maxim-film.de\/en\/portfolio_category\/roman-vavra\/\" rel=\"tag\" class=\"local-link\">Roman V\u00e1vra<\/a><\/div>\t\t\t\t\t\n\t\t\n\t\t\t\t\t\t<a class=\"fusion-link-wrapper local-link\" href=\"https:\/\/maxim-film.de\/en\/portfolio-items\/mucha\/?portfolioCats=33\" aria-label=\"Mucha: The Story of an Artist Who Created a Style\"><\/a>\n\t<\/div>\n<\/div>\n<\/div>\n<\/div><\/article><\/div><\/div><div class=\"fusion-clearfix\"><\/div><\/div><\/div><\/div><\/div>\n","protected":false},"excerpt":{"rendered":"","protected":false},"author":1,"featured_media":0,"parent":0,"menu_order":0,"comment_status":"closed","ping_status":"closed","template":"","meta":{"footnotes":""},"class_list":["post-4234","page","type-page","status-publish","hentry"],"yoast_head":"<!-- This site is optimized with the Yoast SEO plugin v27.4 - https:\/\/yoast.com\/product\/yoast-seo-wordpress\/ -->\n<title>Roman V\u00e1vra - maxim film. Media Production in Berlin and Bremen<\/title>\n<meta name=\"description\" content=\"Roman V\u00e1vra (1965) is a Czech filmmaker. He graduated from the University of Economics and after 1989 he graduated in Documentary Film at FAMU.\" \/>\n<meta name=\"robots\" content=\"index, follow, max-snippet:-1, max-image-preview:large, max-video-preview:-1\" \/>\n<link rel=\"canonical\" href=\"https:\/\/www.maxim-film.de\/en\/roman-vavra\/\" \/>\n<meta property=\"og:locale\" content=\"en_GB\" \/>\n<meta property=\"og:type\" content=\"article\" \/>\n<meta property=\"og:title\" content=\"Roman V\u00e1vra - maxim film. Media Production in Berlin and Bremen\" \/>\n<meta property=\"og:description\" content=\"Roman V\u00e1vra (1965) is a Czech filmmaker. He graduated from the University of Economics and after 1989 he graduated in Documentary Film at FAMU.\" \/>\n<meta property=\"og:url\" content=\"https:\/\/www.maxim-film.de\/en\/roman-vavra\/\" \/>\n<meta property=\"og:site_name\" content=\"maxim film. Media Production in Berlin and Bremen\" \/>\n<meta property=\"article:modified_time\" content=\"2019-01-24T09:38:52+00:00\" \/>\n<meta name=\"twitter:card\" content=\"summary_large_image\" \/>\n<meta name=\"twitter:label1\" content=\"Estimated reading time\" \/>\n\t<meta name=\"twitter:data1\" content=\"6 minutes\" \/>\n<script type=\"application\/ld+json\" class=\"yoast-schema-graph\">{\"@context\":\"https:\\\/\\\/schema.org\",\"@graph\":[{\"@type\":\"WebPage\",\"@id\":\"https:\\\/\\\/www.maxim-film.de\\\/en\\\/roman-vavra\\\/\",\"url\":\"https:\\\/\\\/www.maxim-film.de\\\/en\\\/roman-vavra\\\/\",\"name\":\"Roman V\u00e1vra - maxim film. Media Production in Berlin and Bremen\",\"isPartOf\":{\"@id\":\"https:\\\/\\\/www.maxim-film.de\\\/en\\\/#website\"},\"datePublished\":\"2019-01-23T11:53:24+00:00\",\"dateModified\":\"2019-01-24T09:38:52+00:00\",\"description\":\"Roman V\u00e1vra (1965) is a Czech filmmaker. He graduated from the University of Economics and after 1989 he graduated in Documentary Film at FAMU.\",\"breadcrumb\":{\"@id\":\"https:\\\/\\\/www.maxim-film.de\\\/en\\\/roman-vavra\\\/#breadcrumb\"},\"inLanguage\":\"en-GB\",\"potentialAction\":[{\"@type\":\"ReadAction\",\"target\":[\"https:\\\/\\\/www.maxim-film.de\\\/en\\\/roman-vavra\\\/\"]}]},{\"@type\":\"BreadcrumbList\",\"@id\":\"https:\\\/\\\/www.maxim-film.de\\\/en\\\/roman-vavra\\\/#breadcrumb\",\"itemListElement\":[{\"@type\":\"ListItem\",\"position\":1,\"name\":\"Home\",\"item\":\"https:\\\/\\\/maxim-film.de\\\/en\\\/\"},{\"@type\":\"ListItem\",\"position\":2,\"name\":\"Roman V\u00e1vra\"}]},{\"@type\":\"WebSite\",\"@id\":\"https:\\\/\\\/www.maxim-film.de\\\/en\\\/#website\",\"url\":\"https:\\\/\\\/www.maxim-film.de\\\/en\\\/\",\"name\":\"maxim film. Media Production in Berlin and Bremen\",\"description\":\"\",\"potentialAction\":[{\"@type\":\"SearchAction\",\"target\":{\"@type\":\"EntryPoint\",\"urlTemplate\":\"https:\\\/\\\/www.maxim-film.de\\\/en\\\/?s={search_term_string}\"},\"query-input\":{\"@type\":\"PropertyValueSpecification\",\"valueRequired\":true,\"valueName\":\"search_term_string\"}}],\"inLanguage\":\"en-GB\"}]}<\/script>\n<!-- \/ Yoast SEO plugin. -->","yoast_head_json":{"title":"Roman V\u00e1vra - maxim film. Media Production in Berlin and Bremen","description":"Roman V\u00e1vra (1965) is a Czech filmmaker. He graduated from the University of Economics and after 1989 he graduated in Documentary Film at FAMU.","robots":{"index":"index","follow":"follow","max-snippet":"max-snippet:-1","max-image-preview":"max-image-preview:large","max-video-preview":"max-video-preview:-1"},"canonical":"https:\/\/www.maxim-film.de\/en\/roman-vavra\/","og_locale":"en_GB","og_type":"article","og_title":"Roman V\u00e1vra - maxim film. Media Production in Berlin and Bremen","og_description":"Roman V\u00e1vra (1965) is a Czech filmmaker. He graduated from the University of Economics and after 1989 he graduated in Documentary Film at FAMU.","og_url":"https:\/\/www.maxim-film.de\/en\/roman-vavra\/","og_site_name":"maxim film. Media Production in Berlin and Bremen","article_modified_time":"2019-01-24T09:38:52+00:00","twitter_card":"summary_large_image","twitter_misc":{"Estimated reading time":"6 minutes"},"schema":{"@context":"https:\/\/schema.org","@graph":[{"@type":"WebPage","@id":"https:\/\/www.maxim-film.de\/en\/roman-vavra\/","url":"https:\/\/www.maxim-film.de\/en\/roman-vavra\/","name":"Roman V\u00e1vra - maxim film. Media Production in Berlin and Bremen","isPartOf":{"@id":"https:\/\/www.maxim-film.de\/en\/#website"},"datePublished":"2019-01-23T11:53:24+00:00","dateModified":"2019-01-24T09:38:52+00:00","description":"Roman V\u00e1vra (1965) is a Czech filmmaker. He graduated from the University of Economics and after 1989 he graduated in Documentary Film at FAMU.","breadcrumb":{"@id":"https:\/\/www.maxim-film.de\/en\/roman-vavra\/#breadcrumb"},"inLanguage":"en-GB","potentialAction":[{"@type":"ReadAction","target":["https:\/\/www.maxim-film.de\/en\/roman-vavra\/"]}]},{"@type":"BreadcrumbList","@id":"https:\/\/www.maxim-film.de\/en\/roman-vavra\/#breadcrumb","itemListElement":[{"@type":"ListItem","position":1,"name":"Home","item":"https:\/\/maxim-film.de\/en\/"},{"@type":"ListItem","position":2,"name":"Roman V\u00e1vra"}]},{"@type":"WebSite","@id":"https:\/\/www.maxim-film.de\/en\/#website","url":"https:\/\/www.maxim-film.de\/en\/","name":"maxim film. Media Production in Berlin and Bremen","description":"","potentialAction":[{"@type":"SearchAction","target":{"@type":"EntryPoint","urlTemplate":"https:\/\/www.maxim-film.de\/en\/?s={search_term_string}"},"query-input":{"@type":"PropertyValueSpecification","valueRequired":true,"valueName":"search_term_string"}}],"inLanguage":"en-GB"}]}},"_links":{"self":[{"href":"https:\/\/maxim-film.de\/en\/wp-json\/wp\/v2\/pages\/4234","targetHints":{"allow":["GET"]}}],"collection":[{"href":"https:\/\/maxim-film.de\/en\/wp-json\/wp\/v2\/pages"}],"about":[{"href":"https:\/\/maxim-film.de\/en\/wp-json\/wp\/v2\/types\/page"}],"author":[{"embeddable":true,"href":"https:\/\/maxim-film.de\/en\/wp-json\/wp\/v2\/users\/1"}],"replies":[{"embeddable":true,"href":"https:\/\/maxim-film.de\/en\/wp-json\/wp\/v2\/comments?post=4234"}],"version-history":[{"count":4,"href":"https:\/\/maxim-film.de\/en\/wp-json\/wp\/v2\/pages\/4234\/revisions"}],"predecessor-version":[{"id":4247,"href":"https:\/\/maxim-film.de\/en\/wp-json\/wp\/v2\/pages\/4234\/revisions\/4247"}],"wp:attachment":[{"href":"https:\/\/maxim-film.de\/en\/wp-json\/wp\/v2\/media?parent=4234"}],"curies":[{"name":"wp","href":"https:\/\/api.w.org\/{rel}","templated":true}]}}