{"id":4180,"date":"2018-11-22T11:00:43","date_gmt":"2018-11-22T11:00:43","guid":{"rendered":"http:\/\/www.maxim-film.de\/en\/?page_id=4180"},"modified":"2018-11-22T11:13:09","modified_gmt":"2018-11-22T11:13:09","slug":"klaus-stanjek","status":"publish","type":"page","link":"https:\/\/maxim-film.de\/en\/klaus-stanjek\/","title":{"rendered":"Klaus Stanjek"},"content":{"rendered":"<div class=\"fusion-fullwidth fullwidth-box fusion-builder-row-1 hundred-percent-fullwidth non-hundred-percent-height-scrolling\" style=\"--awb-border-radius-top-left:0px;--awb-border-radius-top-right:0px;--awb-border-radius-bottom-right:0px;--awb-border-radius-bottom-left:0px;--awb-overflow:visible;--awb-flex-wrap:wrap;\" ><div class=\"fusion-builder-row fusion-row\"><div class=\"fusion-layout-column fusion_builder_column fusion-builder-column-0 fusion_builder_column_1_2 1_2 fusion-one-half fusion-column-first\" style=\"--awb-bg-size:cover;width:48%; margin-right: 4%;\"><div class=\"fusion-column-wrapper fusion-flex-column-wrapper-legacy\"><div class=\"fusion-title title fusion-title-1 fusion-sep-none fusion-title-text fusion-title-size-two\" style=\"--awb-margin-top-small:10px;--awb-margin-right-small:0px;--awb-margin-bottom-small:10px;--awb-margin-left-small:0px;\"><h2 class=\"fusion-title-heading title-heading-left\" style=\"margin:0;\">Klaus Stanjek<\/h2><\/div><div class=\"fusion-person person fusion-person-left fusion-person-1 fusion-person-icon-top\" style=\"--awb-pic-style-color:#000000;--awb-pic-borderradius:0px;--awb-margin-top:0px;--awb-margin-right:0px;--awb-margin-bottom:0px;--awb-margin-left:0px;--awb-social-box-border-top:0px;--awb-social-box-border-right:0px;--awb-social-box-border-bottom:0px;--awb-social-box-border-left:0px;--awb-social-box-border-color:var(--awb-color3);--awb-social-box-border-color-hover:var(--awb-color4);--awb-social-box-colors-hover:rgba(232,232,232,0.8);--awb-social-icon-boxed-colors:#e8e8e8;--awb-social-icon-colors:#bebdbd;--awb-social-icon-colors-hover:rgba(190,189,189,0.8);\"><div class=\"person-shortcode-image-wrapper\"><div class=\"person-image-container hover-type-none\" style=\"border:0px solid #f6f6f6;-webkit-border-radius:0px;-moz-border-radius:0px;border-radius:0px;\"><img decoding=\"async\" class=\"person-img img-responsive wp-image-4178\" width=\"580\" height=\"388\" src=\"https:\/\/maxim-film.de\/en\/wp-content\/uploads\/sites\/2\/2018\/11\/klaus_stanjek_580x388_schlechte_ausfloesung.jpg\" alt=\"Klaus Stanjek\" srcset=\"https:\/\/maxim-film.de\/en\/wp-content\/uploads\/sites\/2\/2018\/11\/klaus_stanjek_580x388_schlechte_ausfloesung-200x134.jpg 200w, https:\/\/maxim-film.de\/en\/wp-content\/uploads\/sites\/2\/2018\/11\/klaus_stanjek_580x388_schlechte_ausfloesung-400x268.jpg 400w, https:\/\/maxim-film.de\/en\/wp-content\/uploads\/sites\/2\/2018\/11\/klaus_stanjek_580x388_schlechte_ausfloesung.jpg 580w\" sizes=\"(max-width: 800px) 100vw, 580px\" \/><\/div><\/div><div class=\"person-desc\"><div class=\"person-author\"><div class=\"person-author-wrapper\"><span class=\"person-name\">Klaus Stanjek<\/span><span class=\"person-title\"><\/span><\/div><div class=\"fusion-social-networks\"><div class=\"fusion-social-networks-wrapper\"><a class=\"fusion-social-network-icon fusion-tooltip fusion-facebook awb-icon-facebook custom ext-link\" aria-label=\"fusion-facebook\" href=\"https:\/\/www.facebook.com\/peter.roloff.1?fref=ts\" target=\"_blank\" rel=\"noopener noreferrer external nofollow\" style=\"color:#bebdbd;font-size:16px;\" data-placement=\"top\" data-title=\"Facebook\" title=\"Facebook\" data-toggle=\"tooltip\" onclick=\"this.target=&#039;_blank&#039;;\"><\/a><a class=\"fusion-social-network-icon fusion-tooltip fusion-mail awb-icon-mail custom\" aria-label=\"fusion-mail\" href=\"mailto:pet&#101;r&#046;&#114;olo&#102;f&#064;&#109;&#097;x&#105;&#109;&#045;&#102;i&#108;m.&#100;&#101;\" target=\"_self\" style=\"color:#bebdbd;font-size:16px;\" data-placement=\"top\" data-title=\"Mail\" title=\"Mail\" data-toggle=\"tooltip\"><\/a><\/div><\/div><\/div><div class=\"person-content fusion-clearfix\"><\/div><\/div><\/div><div class=\"fusion-clearfix\"><\/div><\/div><\/div><div class=\"fusion-layout-column fusion_builder_column fusion-builder-column-1 fusion_builder_column_1_2 1_2 fusion-one-half fusion-column-last\" style=\"--awb-bg-size:cover;width:48%;\"><div class=\"fusion-column-wrapper fusion-flex-column-wrapper-legacy\"><div class=\"fusion-sep-clear\"><\/div><div class=\"fusion-separator fusion-full-width-sep\" style=\"margin-left: auto;margin-right: auto;margin-top:30px;width:100%;\"><\/div><div class=\"fusion-sep-clear\"><\/div><div class=\"accordian fusion-accordian\" style=\"--awb-border-size:1px;--awb-icon-size:13px;--awb-content-font-size:14px;--awb-icon-alignment:left;--awb-hover-color:#f9f9f9;--awb-border-color:#cccccc;--awb-background-color:#ffffff;--awb-divider-color:#e0dede;--awb-divider-hover-color:#e0dede;--awb-icon-color:#ffffff;--awb-title-color:#333333;--awb-content-color:#747474;--awb-icon-box-color:#333333;--awb-toggle-hover-accent-color:#9e9e9e;--awb-title-font-family:&quot;PT Sans&quot;;--awb-title-font-weight:400;--awb-title-font-style:normal;--awb-title-font-size:15px;--awb-title-letter-spacing:0px;--awb-title-line-height:1.33;--awb-content-font-family:&quot;PT Sans&quot;;--awb-content-font-style:normal;--awb-content-font-weight:400;\"><div class=\"panel-group fusion-toggle-icon-boxed\" id=\"accordion-4180-1\"><div class=\"fusion-panel panel-default panel-92611c5d86438edd9 fusion-toggle-has-divider\"><div class=\"panel-heading\"><h4 class=\"panel-title toggle\" id=\"toggle_92611c5d86438edd9\"><a aria-expanded=\"false\" aria-controls=\"92611c5d86438edd9\" role=\"button\" data-toggle=\"collapse\" data-parent=\"#accordion-4180-1\" data-target=\"#92611c5d86438edd9\" href=\"#92611c5d86438edd9\"><span class=\"fusion-toggle-icon-wrapper\" aria-hidden=\"true\"><i class=\"fa-fusion-box active-icon awb-icon-minus\" aria-hidden=\"true\"><\/i><i class=\"fa-fusion-box inactive-icon awb-icon-plus\" aria-hidden=\"true\"><\/i><\/span><span class=\"fusion-toggle-heading\">Bio<\/span><\/a><\/h4><\/div><div id=\"92611c5d86438edd9\" class=\"panel-collapse collapse \" aria-labelledby=\"toggle_92611c5d86438edd9\"><div class=\"panel-body toggle-content fusion-clearfix\">\n<div id=\"dcccb3cbfef1e629e\" class=\"panel-collapse collapse in\">\n<div class=\"panel-body toggle-content fusion-clearfix\">\n<p>Klaus Stanjek ist Dokumentarfilmer, Hochschullehrer und Anthropologe. Geb\u00fcrtig in Wuppertal, studierte er Sozialanthropologie, promovierte mit kulturenvergleichenden Verhaltensbeobachtungen am Max-Planck-Institut und studierte anschlie\u00dfend an der HFF M\u00fcnchen Dokumentarfilm. Seit 1983 neben der Herstellung von Filmen auch als Dozent t\u00e4tig (in M\u00fcnchen, Bozen, Colombo, Addis Abeba, Peking, Leipzig, Teheran, Jenin, Bushehr). Von 1993 bis 2014 unterrichtete er als Professor f\u00fcr Dokumentarregie an der HFF Potsdam. 2006 + 2007 Dokumentarwerkstatt gemeinsam mit einer iranischen Filmhochschule. Mitglied zahlreicher Jurys und Auswahlkomitees bei internationalen Filmfestivals und beim DAAD. Mehrere Studien und Schriften zum Dokumentarfilm.<\/p>\n<p>Neben der Mitarbeit (Kamera, Ton) bei mehreren Dokumentarfilmen entstanden zahlreiche eigene Filme (Regie + Produktion). Klaus Stanjek macht Filme zu sozialen, \u00f6kologischen und gesellschaftlichen Themen f\u00fcr das Kino, das Fernsehen und Bildungsarbeit. Seine Filme handeln von Kehrseiten der Geldgesellschaft, von Gegenwelten, von archaischen Welten und Kinderwelten. H\u00e4ufig findet sich in ihnen die Frage nach anderen Arten zu leben.<\/p>\n<p>Stanjek lebt in Babelsberg bei Berlin.<\/p>\n<p>Mehr Infos unter <a class=\"ext-link ext-link\" href=\"http:\/\/www.cinetarium.de\" rel=\"external nofollow\" onclick=\"this.target=&#039;_blank&#039;;\">www.cinetarium.de<\/a><\/p>\n<\/div>\n<\/div>\n<\/div><\/div><\/div><div class=\"fusion-panel panel-default panel-b50e8b590eb9ece91 fusion-toggle-has-divider\"><div class=\"panel-heading\"><h4 class=\"panel-title toggle\" id=\"toggle_b50e8b590eb9ece91\"><a aria-expanded=\"false\" aria-controls=\"b50e8b590eb9ece91\" role=\"button\" data-toggle=\"collapse\" data-parent=\"#accordion-4180-1\" data-target=\"#b50e8b590eb9ece91\" href=\"#b50e8b590eb9ece91\"><span class=\"fusion-toggle-icon-wrapper\" aria-hidden=\"true\"><i class=\"fa-fusion-box active-icon awb-icon-minus\" aria-hidden=\"true\"><\/i><i class=\"fa-fusion-box inactive-icon awb-icon-plus\" aria-hidden=\"true\"><\/i><\/span><span class=\"fusion-toggle-heading\">Film<\/span><\/a><\/h4><\/div><div id=\"b50e8b590eb9ece91\" class=\"panel-collapse collapse \" aria-labelledby=\"toggle_b50e8b590eb9ece91\"><div class=\"panel-body toggle-content fusion-clearfix\">\n<div id=\"1d012bb1023a61fcf\" class=\"panel-collapse collapse in\">\n<div class=\"panel-body toggle-content fusion-clearfix\">\n<p><strong>Ausgew\u00e4hlte Filme Regie:<\/strong><\/p>\n<p><strong>Kl\u00e4nge des Verschweigens<\/strong> (2013)<br \/>\n90 Min. \/ HDCam, DCP<br \/>\nDie ignorierte Geschichte der KZ-H\u00e4ftlinge mit dem Rosa Winkel<br \/>\nFestivals: M\u00fcnchen, Hamburg, M\u00fcnster, Bozen, London, Jerusalem, Moskau, St. Petersburg, Sidney, Melbourne, Minsk, Olomouc, u.v.a.<br \/>\nPreise: Hauptpreis \u201eWilliam-Dieterle-Preis 2013\u201c; \u201eB\u00fcrgerpreis\u201c Nonfiktionale 2014; \u201eBest Documentary\u201c Side-by-Side-Festival St. Petersburg 2015; \u201eBest Script\u201c History Filmfestival Rijeka 2017; \u201eFilm des Monats\u201c 2014 der FBW; \u201eBesonders Wertvoll\u201c der FBW<br \/>\nVerleih Kino: W-Film K\u00f6ln, DVD: good!- movies, TV: WDR<\/p>\n<p><strong>Kommune der Seligen<\/strong> (2004)<br \/>\n96 Min. \/ DigiBeta (16:9)<br \/>\nEine Innensicht in die Hutterische Gesellschaft<br \/>\nFestivals: Amsterdam, Bozen, M\u00fcnchen, Leipzig, Berlin, G\u00f6ttingen, Olomouc, Freistadt, Thessaloniki<br \/>\nPreis: Hauptpreis \u201eBester Dokumentarfilm\u201c bei CinemaBolzano 2005<\/p>\n<p>Mehr Filme und Infos unter <a class=\"ext-link ext-link\" href=\"http:\/\/www.cinetarium.de\" rel=\"external nofollow\" onclick=\"this.target=&#039;_blank&#039;;\">www.cinetarium.de<\/a><\/p>\n<\/div>\n<\/div>\n<\/div><\/div><\/div><\/div><\/div><div class=\"fusion-clearfix\"><\/div><\/div><\/div><div class=\"fusion-layout-column fusion_builder_column fusion-builder-column-2 fusion_builder_column_1_1 1_1 fusion-one-full fusion-column-first fusion-column-last fusion-column-no-min-height\" style=\"--awb-bg-size:cover;--awb-margin-bottom:0px;\"><div class=\"fusion-column-wrapper fusion-flex-column-wrapper-legacy\"><div class=\"fusion-sep-clear\"><\/div><div class=\"fusion-separator fusion-full-width-sep\" style=\"margin-left: auto;margin-right: auto;margin-top:30px;width:100%;\"><\/div><div class=\"fusion-sep-clear\"><\/div><div class=\"fusion-clearfix\"><\/div><\/div><\/div><div class=\"fusion-layout-column fusion_builder_column fusion-builder-column-3 fusion_builder_column_1_1 1_1 fusion-one-full fusion-column-first fusion-column-last fusion-column-no-min-height\" style=\"--awb-bg-size:cover;--awb-margin-bottom:0px;\"><div class=\"fusion-column-wrapper fusion-flex-column-wrapper-legacy\"><div class=\"fusion-recent-works fusion-portfolio-element fusion-portfolio fusion-portfolio-1 fusion-portfolio-grid fusion-portfolio-paging-pagination fusion-portfolio-three fusion-portfolio-no_text fusion-portfolio-rollover\" data-id=\"-rw-1\" data-columns=\"three\"><div><ul class=\"fusion-filters\" role=\"menu\" aria-label=\"Portfolio Filters\"><li role=\"presentation\" class=\"fusion-filter fusion-filter-all fusion-active\"><a href=\"#\" data-filter=\"*\" role=\"menuitem\">All<\/a><\/li><li role=\"presentation\" class=\"fusion-filter fusion-hidden\"><a href=\"#\" data-filter=\".klaus-stanjek\" role=\"menuitem\">Klaus Stanjek<\/a><\/li><\/ul><\/div><style type=\"text\/css\">.fusion-portfolio-1 .fusion-portfolio-wrapper .fusion-col-spacing{padding:6px;}<\/style><div class=\"fusion-portfolio-wrapper\" id=\"fusion-portfolio-1\" data-picturesize=\"auto\" data-pages=\"1\" style=\"margin:-6px;\"><article id=\"portfolio-1-post-4145\" class=\"fusion-portfolio-post in-progress klaus-stanjek fusion-col-spacing post-4145\"><div class=\"fusion-portfolio-content-wrapper\" style=\"border:none;\"><span class=\"entry-title rich-snippet-hidden\">The Paradise Seekers (WT)<\/span><span class=\"vcard rich-snippet-hidden\"><span class=\"fn\"><a href=\"https:\/\/maxim-film.de\/en\/author\/xavier\/\" title=\"Posts by xavier\" rel=\"author\" class=\"local-link\">xavier<\/a><\/span><\/span><span class=\"updated rich-snippet-hidden\">2024-02-13T13:19:14+00:00<\/span><div  class=\"fusion-image-wrapper\" aria-haspopup=\"true\">\n\t\t\t\t<img decoding=\"async\" width=\"1049\" height=\"689\" src=\"https:\/\/maxim-film.de\/en\/wp-content\/uploads\/sites\/2\/2018\/09\/tanzende-maedchen-1049x689px.jpg\" class=\"attachment-full size-full wp-post-image\" alt=\"\" srcset=\"https:\/\/maxim-film.de\/en\/wp-content\/uploads\/sites\/2\/2018\/09\/tanzende-maedchen-1049x689px-200x131.jpg 200w, https:\/\/maxim-film.de\/en\/wp-content\/uploads\/sites\/2\/2018\/09\/tanzende-maedchen-1049x689px-400x263.jpg 400w, https:\/\/maxim-film.de\/en\/wp-content\/uploads\/sites\/2\/2018\/09\/tanzende-maedchen-1049x689px-600x394.jpg 600w, https:\/\/maxim-film.de\/en\/wp-content\/uploads\/sites\/2\/2018\/09\/tanzende-maedchen-1049x689px-800x525.jpg 800w, https:\/\/maxim-film.de\/en\/wp-content\/uploads\/sites\/2\/2018\/09\/tanzende-maedchen-1049x689px.jpg 1049w\" sizes=\"(min-width: 2200px) 100vw, (min-width: 824px) 359px, (min-width: 732px) 538px, (min-width: 640px) 732px, \" \/><div class=\"fusion-rollover\">\n\t<div class=\"fusion-rollover-content\">\n\n\t\t\t\t\t\t\t\t\t\t\t\t\t\t<a class=\"fusion-rollover-link local-link\" href=\"https:\/\/maxim-film.de\/en\/portfolio-items\/paradise-seekers\/?portfolioCats=32\">The Paradise Seekers (WT)<\/a>\n\t\t\t\n\t\t\t\t\t\t\t\t\n\t\t\n\t\t\t\t\t\t\t\t\t\t\t\t<h4 class=\"fusion-rollover-title\">\n\t\t\t\t\t<a class=\"fusion-rollover-title-link\" href=\"https:\/\/maxim-film.de\/en\/portfolio-items\/paradise-seekers\/?portfolioCats=32\">\n\t\t\t\t\t\tThe Paradise Seekers (WT)\t\t\t\t\t<\/a>\n\t\t\t\t<\/h4>\n\t\t\t\n\t\t\t\t\t\t\t\t\t\t<div class=\"fusion-rollover-categories\"><a href=\"https:\/\/maxim-film.de\/en\/portfolio_category\/in-progress\/\" rel=\"tag\" class=\"local-link\">in progress<\/a>, <a href=\"https:\/\/maxim-film.de\/en\/portfolio_category\/klaus-stanjek\/\" rel=\"tag\" class=\"local-link\">Klaus Stanjek<\/a><\/div>\t\t\t\t\t\n\t\t\n\t\t\t\t\t\t<a class=\"fusion-link-wrapper local-link\" href=\"https:\/\/maxim-film.de\/en\/portfolio-items\/paradise-seekers\/?portfolioCats=32\" aria-label=\"The Paradise Seekers (WT)\"><\/a>\n\t<\/div>\n<\/div>\n<\/div>\n<\/div><\/article><\/div><\/div><div class=\"fusion-clearfix\"><\/div><\/div><\/div><\/div><\/div>\n","protected":false},"excerpt":{"rendered":"","protected":false},"author":1,"featured_media":0,"parent":0,"menu_order":0,"comment_status":"closed","ping_status":"closed","template":"","meta":{"footnotes":""},"class_list":["post-4180","page","type-page","status-publish","hentry"],"yoast_head":"<!-- This site is optimized with the Yoast SEO plugin v27.4 - https:\/\/yoast.com\/product\/yoast-seo-wordpress\/ -->\n<title>Klaus Stanjek - maxim film. Media Production in Berlin and Bremen<\/title>\n<meta name=\"robots\" content=\"index, follow, max-snippet:-1, max-image-preview:large, max-video-preview:-1\" \/>\n<link rel=\"canonical\" href=\"https:\/\/www.maxim-film.de\/en\/klaus-stanjek\/\" \/>\n<meta property=\"og:locale\" content=\"en_GB\" \/>\n<meta property=\"og:type\" content=\"article\" \/>\n<meta property=\"og:title\" content=\"Klaus Stanjek - maxim film. Media Production in Berlin and Bremen\" \/>\n<meta property=\"og:url\" content=\"https:\/\/www.maxim-film.de\/en\/klaus-stanjek\/\" \/>\n<meta property=\"og:site_name\" content=\"maxim film. Media Production in Berlin and Bremen\" \/>\n<meta property=\"article:modified_time\" content=\"2018-11-22T11:13:09+00:00\" \/>\n<meta name=\"twitter:card\" content=\"summary_large_image\" \/>\n<meta name=\"twitter:label1\" content=\"Estimated reading time\" \/>\n\t<meta name=\"twitter:data1\" content=\"5 minutes\" \/>\n<script type=\"application\/ld+json\" class=\"yoast-schema-graph\">{\"@context\":\"https:\\\/\\\/schema.org\",\"@graph\":[{\"@type\":\"WebPage\",\"@id\":\"https:\\\/\\\/www.maxim-film.de\\\/en\\\/klaus-stanjek\\\/\",\"url\":\"https:\\\/\\\/www.maxim-film.de\\\/en\\\/klaus-stanjek\\\/\",\"name\":\"Klaus Stanjek - maxim film. Media Production in Berlin and Bremen\",\"isPartOf\":{\"@id\":\"https:\\\/\\\/www.maxim-film.de\\\/en\\\/#website\"},\"datePublished\":\"2018-11-22T11:00:43+00:00\",\"dateModified\":\"2018-11-22T11:13:09+00:00\",\"breadcrumb\":{\"@id\":\"https:\\\/\\\/www.maxim-film.de\\\/en\\\/klaus-stanjek\\\/#breadcrumb\"},\"inLanguage\":\"en-GB\",\"potentialAction\":[{\"@type\":\"ReadAction\",\"target\":[\"https:\\\/\\\/www.maxim-film.de\\\/en\\\/klaus-stanjek\\\/\"]}]},{\"@type\":\"BreadcrumbList\",\"@id\":\"https:\\\/\\\/www.maxim-film.de\\\/en\\\/klaus-stanjek\\\/#breadcrumb\",\"itemListElement\":[{\"@type\":\"ListItem\",\"position\":1,\"name\":\"Home\",\"item\":\"https:\\\/\\\/maxim-film.de\\\/en\\\/\"},{\"@type\":\"ListItem\",\"position\":2,\"name\":\"Klaus Stanjek\"}]},{\"@type\":\"WebSite\",\"@id\":\"https:\\\/\\\/www.maxim-film.de\\\/en\\\/#website\",\"url\":\"https:\\\/\\\/www.maxim-film.de\\\/en\\\/\",\"name\":\"maxim film. Media Production in Berlin and Bremen\",\"description\":\"\",\"potentialAction\":[{\"@type\":\"SearchAction\",\"target\":{\"@type\":\"EntryPoint\",\"urlTemplate\":\"https:\\\/\\\/www.maxim-film.de\\\/en\\\/?s={search_term_string}\"},\"query-input\":{\"@type\":\"PropertyValueSpecification\",\"valueRequired\":true,\"valueName\":\"search_term_string\"}}],\"inLanguage\":\"en-GB\"}]}<\/script>\n<!-- \/ Yoast SEO plugin. -->","yoast_head_json":{"title":"Klaus Stanjek - maxim film. Media Production in Berlin and Bremen","robots":{"index":"index","follow":"follow","max-snippet":"max-snippet:-1","max-image-preview":"max-image-preview:large","max-video-preview":"max-video-preview:-1"},"canonical":"https:\/\/www.maxim-film.de\/en\/klaus-stanjek\/","og_locale":"en_GB","og_type":"article","og_title":"Klaus Stanjek - maxim film. Media Production in Berlin and Bremen","og_url":"https:\/\/www.maxim-film.de\/en\/klaus-stanjek\/","og_site_name":"maxim film. Media Production in Berlin and Bremen","article_modified_time":"2018-11-22T11:13:09+00:00","twitter_card":"summary_large_image","twitter_misc":{"Estimated reading time":"5 minutes"},"schema":{"@context":"https:\/\/schema.org","@graph":[{"@type":"WebPage","@id":"https:\/\/www.maxim-film.de\/en\/klaus-stanjek\/","url":"https:\/\/www.maxim-film.de\/en\/klaus-stanjek\/","name":"Klaus Stanjek - maxim film. Media Production in Berlin and Bremen","isPartOf":{"@id":"https:\/\/www.maxim-film.de\/en\/#website"},"datePublished":"2018-11-22T11:00:43+00:00","dateModified":"2018-11-22T11:13:09+00:00","breadcrumb":{"@id":"https:\/\/www.maxim-film.de\/en\/klaus-stanjek\/#breadcrumb"},"inLanguage":"en-GB","potentialAction":[{"@type":"ReadAction","target":["https:\/\/www.maxim-film.de\/en\/klaus-stanjek\/"]}]},{"@type":"BreadcrumbList","@id":"https:\/\/www.maxim-film.de\/en\/klaus-stanjek\/#breadcrumb","itemListElement":[{"@type":"ListItem","position":1,"name":"Home","item":"https:\/\/maxim-film.de\/en\/"},{"@type":"ListItem","position":2,"name":"Klaus Stanjek"}]},{"@type":"WebSite","@id":"https:\/\/www.maxim-film.de\/en\/#website","url":"https:\/\/www.maxim-film.de\/en\/","name":"maxim film. Media Production in Berlin and Bremen","description":"","potentialAction":[{"@type":"SearchAction","target":{"@type":"EntryPoint","urlTemplate":"https:\/\/www.maxim-film.de\/en\/?s={search_term_string}"},"query-input":{"@type":"PropertyValueSpecification","valueRequired":true,"valueName":"search_term_string"}}],"inLanguage":"en-GB"}]}},"_links":{"self":[{"href":"https:\/\/maxim-film.de\/en\/wp-json\/wp\/v2\/pages\/4180","targetHints":{"allow":["GET"]}}],"collection":[{"href":"https:\/\/maxim-film.de\/en\/wp-json\/wp\/v2\/pages"}],"about":[{"href":"https:\/\/maxim-film.de\/en\/wp-json\/wp\/v2\/types\/page"}],"author":[{"embeddable":true,"href":"https:\/\/maxim-film.de\/en\/wp-json\/wp\/v2\/users\/1"}],"replies":[{"embeddable":true,"href":"https:\/\/maxim-film.de\/en\/wp-json\/wp\/v2\/comments?post=4180"}],"version-history":[{"count":3,"href":"https:\/\/maxim-film.de\/en\/wp-json\/wp\/v2\/pages\/4180\/revisions"}],"predecessor-version":[{"id":4183,"href":"https:\/\/maxim-film.de\/en\/wp-json\/wp\/v2\/pages\/4180\/revisions\/4183"}],"wp:attachment":[{"href":"https:\/\/maxim-film.de\/en\/wp-json\/wp\/v2\/media?parent=4180"}],"curies":[{"name":"wp","href":"https:\/\/api.w.org\/{rel}","templated":true}]}}